{"id":4606,"date":"2025-01-20T06:29:18","date_gmt":"2025-01-20T05:29:18","guid":{"rendered":"https:\/\/www.optimum-te-recette.horizon-ci.fr\/contact\/"},"modified":"2025-05-21T12:35:02","modified_gmt":"2025-05-21T10:35:02","slug":"contact","status":"publish","type":"page","link":"https:\/\/www.optimum-te.com\/en\/contact\/","title":{"rendered":"Contact"},"content":{"rendered":"<p>[et_pb_section fb_built=&#8221;1&#8243; _builder_version=&#8221;4.27.0&#8243; _module_preset=&#8221;default&#8221; use_background_color_gradient=&#8221;on&#8221; background_color_gradient_stops=&#8221;rgba(0,0,0,0.3) 0%|rgba(0,0,0,0.3) 100%&#8221; background_color_gradient_overlays_image=&#8221;on&#8221; background_image=&#8221;https:\/\/www.optimum-te.com\/wp-content\/uploads\/2025\/02\/contact.png&#8221; custom_margin=&#8221;0px||0px||false|false&#8221; custom_padding=&#8221;40px||40px||false|false&#8221; bottom_divider_style=&#8221;curve&#8221; bottom_divider_color=&#8221;#FFFFFF&#8221; bottom_divider_height=&#8221;30px&#8221; locked=&#8221;off&#8221; global_colors_info=&#8221;{%22gcid-052ae396-db0a-47fc-9945-06590b33bb77%22:%91%22bottom_divider_color%22%93}&#8221;][et_pb_row _builder_version=&#8221;4.27.0&#8243; _module_preset=&#8221;default&#8221; global_colors_info=&#8221;{}&#8221;][et_pb_column type=&#8221;4_4&#8243; _builder_version=&#8221;4.27.0&#8243; _module_preset=&#8221;default&#8221; global_colors_info=&#8221;{}&#8221;][et_pb_text _builder_version=&#8221;4.27.0&#8243; _module_preset=&#8221;default&#8221; header_font=&#8221;|800||on|||||&#8221; header_text_color=&#8221;#FFFFFF&#8221; header_font_size=&#8221;60px&#8221; custom_margin=&#8221;||0px||false|false&#8221; custom_padding=&#8221;20px||20px||false|false&#8221; global_colors_info=&#8221;{}&#8221;]<\/p>\n<h1 style=\"text-align: center;\">Contact<\/h1>\n<p>[\/et_pb_text][\/et_pb_column][\/et_pb_row][\/et_pb_section][et_pb_section fb_built=&#8221;1&#8243; _builder_version=&#8221;4.27.0&#8243; _module_preset=&#8221;default&#8221; custom_margin=&#8221;||0px||false|false&#8221; custom_padding=&#8221;40px||0px||false|false&#8221; top_divider_height=&#8221;30px&#8221; locked=&#8221;off&#8221; global_colors_info=&#8221;{}&#8221;][et_pb_row _builder_version=&#8221;4.27.0&#8243; _module_preset=&#8221;default&#8221; width=&#8221;950px&#8221; width_tablet=&#8221;&#8221; width_phone=&#8221;&#8221; width_last_edited=&#8221;on|tablet&#8221; custom_margin=&#8221;||20px||false|false&#8221; custom_padding=&#8221;0px||0px||false|false&#8221; global_colors_info=&#8221;{}&#8221;][et_pb_column type=&#8221;4_4&#8243; _builder_version=&#8221;4.27.0&#8243; _module_preset=&#8221;default&#8221; global_colors_info=&#8221;{}&#8221;][et_pb_text _builder_version=&#8221;4.27.0&#8243; _module_preset=&#8221;default&#8221; text_text_color=&#8221;gcid-1d235d5a-bde9-4418-b29f-6b56f59b2c8e&#8221; link_text_color=&#8221;gcid-heading-color&#8221; hover_transition_duration=&#8221;0ms&#8221; global_colors_info=&#8221;{%22gcid-1d235d5a-bde9-4418-b29f-6b56f59b2c8e%22:%91%22text_text_color%22%93,%22gcid-secondary-color%22:%91%22link_text_color__hover%22%93,%22gcid-heading-color%22:%91%22link_text_color%22%93}&#8221; link_text_color__hover_enabled=&#8221;on|desktop&#8221; link_text_color__hover=&#8221;#ffc000&#8243;]<\/p>\n<p><span><span><span><a href=\"https:\/\/www.optimum-te.com\/en\/\">Home<\/a><\/span><\/span><\/span><\/p>\n<p>[\/et_pb_text][\/et_pb_column][\/et_pb_row][\/et_pb_section][et_pb_section fb_built=&#8221;1&#8243; _builder_version=&#8221;4.27.0&#8243; _module_preset=&#8221;default&#8221; custom_margin=&#8221;0px||0px||false|false&#8221; custom_padding=&#8221;0px||0px||false|false&#8221; global_colors_info=&#8221;{}&#8221;][et_pb_row column_structure=&#8221;1_3,1_3,1_3&#8243; _builder_version=&#8221;4.27.0&#8243; _module_preset=&#8221;default&#8221; width=&#8221;950px&#8221; global_colors_info=&#8221;{}&#8221;][et_pb_column type=&#8221;1_3&#8243; _builder_version=&#8221;4.27.0&#8243; _module_preset=&#8221;default&#8221; global_colors_info=&#8221;{}&#8221;][et_pb_text _builder_version=&#8221;4.27.0&#8243; _module_preset=&#8221;default&#8221; text_font=&#8221;|800|||||||&#8221; text_font_size=&#8221;20px&#8221; global_colors_info=&#8221;{}&#8221;]<\/p>\n<p>OPTIMUM head office<\/p>\n<p>[\/et_pb_text][et_pb_blurb use_icon=&#8221;on&#8221; font_icon=&#8221;&#xe081;||divi||400&#8243; icon_color=&#8221;gcid-primary-color&#8221; icon_placement=&#8221;left&#8221; image_icon_width=&#8221;24px&#8221; content_max_width=&#8221;100%&#8221; _builder_version=&#8221;4.27.0&#8243; _module_preset=&#8221;default&#8221; body_font=&#8221;|300|||||||&#8221; body_text_color=&#8221;#000000&#8243; body_font_size=&#8221;16px&#8221; image_icon_custom_margin=&#8221;0px|0px|0px|0px|false|false&#8221; image_icon_custom_padding=&#8221;0px|0px|0px|0px|false|false&#8221; module_alignment=&#8221;left&#8221; custom_margin=&#8221;||0px||false|false&#8221; custom_padding=&#8221;||0px||false|false&#8221; custom_css_free_form=&#8221;.et_pb_blurb_position_left .et_pb_blurb_container {||  padding-left:0px;||}&#8221; locked=&#8221;off&#8221; global_colors_info=&#8221;{%22gcid-primary-color%22:%91%22icon_color%22%93}&#8221;]<\/p>\n<p>Immeuble Ottawa<br \/>Parc du Saint-Laurent<br \/>54 route de Sartrouville<br \/>78230 Le Pecq<br \/>France<\/p>\n<p>[\/et_pb_blurb][et_pb_blurb use_icon=&#8221;on&#8221; font_icon=&#8221;&#xe090;||divi||400&#8243; icon_color=&#8221;gcid-primary-color&#8221; icon_placement=&#8221;left&#8221; image_icon_width=&#8221;24px&#8221; content_max_width=&#8221;100%&#8221; _builder_version=&#8221;4.27.0&#8243; _module_preset=&#8221;default&#8221; body_font=&#8221;|300|||||||&#8221; body_text_color=&#8221;#000000&#8243; body_font_size=&#8221;16px&#8221; image_icon_custom_margin=&#8221;0px|0px|0px|0px|false|false&#8221; image_icon_custom_padding=&#8221;0px|0px|0px|0px|false|false&#8221; module_alignment=&#8221;left&#8221; custom_margin=&#8221;15px||0px||false|false&#8221; custom_padding=&#8221;||0px||false|false&#8221; custom_css_free_form=&#8221;.et_pb_blurb_position_left .et_pb_blurb_container {||  padding-left:0px;||}&#8221; locked=&#8221;off&#8221; global_colors_info=&#8221;{%22gcid-primary-color%22:%91%22icon_color%22%93}&#8221;]<\/p>\n<p>+33 1 39 21 88 68<\/p>\n<p>[\/et_pb_blurb][\/et_pb_column][et_pb_column type=&#8221;1_3&#8243; _builder_version=&#8221;4.27.0&#8243; _module_preset=&#8221;default&#8221; global_colors_info=&#8221;{}&#8221;][et_pb_text _builder_version=&#8221;4.27.0&#8243; _module_preset=&#8221;default&#8221; text_font=&#8221;|800|||||||&#8221; text_font_size=&#8221;20px&#8221; global_colors_info=&#8221;{}&#8221;]<\/p>\n<p><strong>OPTIMUM Southwest<\/strong><\/p>\n<p>[\/et_pb_text][et_pb_blurb use_icon=&#8221;on&#8221; font_icon=&#8221;&#xe081;||divi||400&#8243; icon_color=&#8221;gcid-primary-color&#8221; icon_placement=&#8221;left&#8221; image_icon_width=&#8221;24px&#8221; content_max_width=&#8221;100%&#8221; _builder_version=&#8221;4.27.0&#8243; _module_preset=&#8221;default&#8221; body_font=&#8221;|300|||||||&#8221; body_text_color=&#8221;#000000&#8243; body_font_size=&#8221;16px&#8221; image_icon_custom_margin=&#8221;0px|0px|0px|0px|false|false&#8221; image_icon_custom_padding=&#8221;0px|0px|0px|0px|false|false&#8221; module_alignment=&#8221;left&#8221; custom_margin=&#8221;||0px||false|false&#8221; custom_padding=&#8221;||0px||false|false&#8221; custom_css_free_form=&#8221;.et_pb_blurb_position_left .et_pb_blurb_container {||  padding-left:0px;||}&#8221; locked=&#8221;off&#8221; global_colors_info=&#8221;{%22gcid-primary-color%22:%91%22icon_color%22%93}&#8221;]<\/p>\n<p>17 avenue Didier Daurat<br \/>31700 Blagnac<br \/>France<\/p>\n<p>[\/et_pb_blurb][et_pb_blurb use_icon=&#8221;on&#8221; font_icon=&#8221;&#xe090;||divi||400&#8243; icon_color=&#8221;gcid-primary-color&#8221; icon_placement=&#8221;left&#8221; image_icon_width=&#8221;24px&#8221; content_max_width=&#8221;100%&#8221; _builder_version=&#8221;4.27.0&#8243; _module_preset=&#8221;default&#8221; body_font=&#8221;|300|||||||&#8221; body_text_color=&#8221;#000000&#8243; body_font_size=&#8221;16px&#8221; image_icon_custom_margin=&#8221;0px|0px|0px|0px|false|false&#8221; image_icon_custom_padding=&#8221;0px|0px|0px|0px|false|false&#8221; module_alignment=&#8221;left&#8221; custom_margin=&#8221;15px||0px||false|false&#8221; custom_padding=&#8221;||0px||false|false&#8221; custom_css_free_form=&#8221;.et_pb_blurb_position_left .et_pb_blurb_container {||  padding-left:0px;||}&#8221; global_colors_info=&#8221;{%22gcid-primary-color%22:%91%22icon_color%22%93}&#8221;]<\/p>\n<p>+33 5 67 69 10 65<\/p>\n<p>[\/et_pb_blurb][\/et_pb_column][et_pb_column type=&#8221;1_3&#8243; _builder_version=&#8221;4.27.0&#8243; _module_preset=&#8221;default&#8221; global_colors_info=&#8221;{}&#8221;][\/et_pb_column][\/et_pb_row][\/et_pb_section][et_pb_section fb_built=&#8221;1&#8243; _builder_version=&#8221;4.27.0&#8243; _module_preset=&#8221;default&#8221; custom_margin=&#8221;0px||||false|false&#8221; custom_padding=&#8221;0px||||false|false&#8221; global_colors_info=&#8221;{}&#8221;][et_pb_row _builder_version=&#8221;4.27.0&#8243; _module_preset=&#8221;default&#8221; background_color=&#8221;RGBA(255,255,255,0)&#8221; width=&#8221;950px&#8221; custom_margin=&#8221;||0px||false|false&#8221; custom_padding=&#8221;||0px||false|false&#8221; animation_style=&#8221;fade&#8221; border_radii=&#8221;off|5px|5px||&#8221; locked=&#8221;off&#8221; global_colors_info=&#8221;{}&#8221;][et_pb_column type=&#8221;4_4&#8243; _builder_version=&#8221;4.27.0&#8243; _module_preset=&#8221;default&#8221; custom_padding=&#8221;||0px||false|false&#8221; global_colors_info=&#8221;{}&#8221;][et_pb_text _builder_version=&#8221;4.27.0&#8243; _module_preset=&#8221;default&#8221; header_font=&#8221;|800||on|||||&#8221; header_text_color=&#8221;gcid-primary-color&#8221; header_2_text_color=&#8221;gcid-primary-color&#8221; custom_margin=&#8221;||0px||false|false&#8221; custom_padding=&#8221;||0px||false|false&#8221; custom_css_after=&#8221;    content: %22%22;||    display: inline-block;||    width: 40px;||    height: 7px;||    background-color: #FFC000;||\t\tmargin-bottom:20px&#8221; locked=&#8221;off&#8221; global_colors_info=&#8221;{%22gcid-primary-color%22:%91%22header_text_color%22,%22header_2_text_color%22%93}&#8221;]<\/p>\n<h2><strong>Get in touch!<\/strong><\/h2>\n<p>[\/et_pb_text][\/et_pb_column][\/et_pb_row][et_pb_row _builder_version=&#8221;4.27.0&#8243; _module_preset=&#8221;default&#8221; width=&#8221;950px&#8221; width_tablet=&#8221;&#8221; width_phone=&#8221;&#8221; width_last_edited=&#8221;on|tablet&#8221; custom_margin=&#8221;0px||||false|false&#8221; custom_padding=&#8221;0px||||false|false&#8221; global_colors_info=&#8221;{}&#8221;][et_pb_column type=&#8221;4_4&#8243; _builder_version=&#8221;4.27.0&#8243; _module_preset=&#8221;default&#8221; global_colors_info=&#8221;{}&#8221;][et_pb_contact_form use_spam_service=&#8221;on&#8221; recaptcha_list=&#8221;Default|Default-0&#8243; email=&#8221;contact@optimum-te.com&#8221; custom_message=&#8221;New information request:||et_pb_line_break_holder||||et_pb_line_break_holder||Name : %%name%%||et_pb_line_break_holder||Company : %%company%%||et_pb_line_break_holder||Email address : %%email%%||et_pb_line_break_holder||||et_pb_line_break_holder||Message :||et_pb_line_break_holder||%%message%%&#8221; success_message=&#8221;Thank you for your message. We will get back to you shortly.&#8221; submit_button_text=&#8221;Send&#8221; _builder_version=&#8221;4.27.0&#8243; _module_preset=&#8221;default&#8221; _unique_id=&#8221;92b3f969-b262-409d-81e3-cc94d3e63e57&#8243; form_field_background_color=&#8221;#f7f7f7&#8243; form_field_focus_background_color=&#8221;#FFFFFF&#8221; form_field_focus_text_color=&#8221;#000000&#8243; title_font=&#8221;|700|||||||&#8221; title_font_size=&#8221;33px&#8221; custom_button=&#8221;on&#8221; button_text_size=&#8221;18px&#8221; button_text_color=&#8221;#FFFFFF&#8221; button_bg_color=&#8221;gcid-secondary-color&#8221; button_border_width=&#8221;0px&#8221; button_border_radius=&#8221;6px&#8221; button_font=&#8221;|600|||||||&#8221; button_icon=&#8221;&#x35;||divi||400&#8243; button_icon_placement=&#8221;left&#8221; button_on_hover=&#8221;off&#8221; hover_enabled=&#8221;0&#8243; border_radii=&#8221;on|5px|5px|5px|5px&#8221; border_width_all=&#8221;1px&#8221; border_color_all=&#8221;gcid-63ace26e-ec1a-49a4-96c1-d62eb83c71e6&#8243; global_colors_info=&#8221;{%22gcid-63ace26e-ec1a-49a4-96c1-d62eb83c71e6%22:%91%22border_color_all%22%93,%22gcid-primary-color%22:%91%22button_text_color__hover%22%93,%22gcid-secondary-color%22:%91%22button_bg_color%22%93}&#8221; button_text_color__hover_enabled=&#8221;on|desktop&#8221; button_text_color__hover=&#8221;#004475&#8243; sticky_enabled=&#8221;0&#8243;][et_pb_contact_field field_id=&#8221;name&#8221; field_title=&#8221;Name&#8221; fullwidth_field=&#8221;on&#8221; _builder_version=&#8221;4.27.0&#8243; custom_margin=&#8221;||15px||false|false&#8221; global_colors_info=&#8221;{}&#8221; button_text_size__hover_enabled=&#8221;off&#8221; button_one_text_size__hover_enabled=&#8221;off&#8221; button_two_text_size__hover_enabled=&#8221;off&#8221; button_text_color__hover_enabled=&#8221;off&#8221; button_one_text_color__hover_enabled=&#8221;off&#8221; button_two_text_color__hover_enabled=&#8221;off&#8221; button_border_width__hover_enabled=&#8221;off&#8221; button_one_border_width__hover_enabled=&#8221;off&#8221; button_two_border_width__hover_enabled=&#8221;off&#8221; button_border_color__hover_enabled=&#8221;off&#8221; button_one_border_color__hover_enabled=&#8221;off&#8221; button_two_border_color__hover_enabled=&#8221;off&#8221; button_border_radius__hover_enabled=&#8221;off&#8221; button_one_border_radius__hover_enabled=&#8221;off&#8221; button_two_border_radius__hover_enabled=&#8221;off&#8221; button_letter_spacing__hover_enabled=&#8221;off&#8221; button_one_letter_spacing__hover_enabled=&#8221;off&#8221; button_two_letter_spacing__hover_enabled=&#8221;off&#8221; button_bg_color__hover_enabled=&#8221;off&#8221; button_one_bg_color__hover_enabled=&#8221;off&#8221; button_two_bg_color__hover_enabled=&#8221;off&#8221;][\/et_pb_contact_field][et_pb_contact_field field_id=&#8221;company&#8221; field_title=&#8221;Company&#8221; fullwidth_field=&#8221;on&#8221; _builder_version=&#8221;4.27.0&#8243; _module_preset=&#8221;default&#8221; custom_margin=&#8221;||15px||false|false&#8221; custom_padding=&#8221;||0px||false|false&#8221; global_colors_info=&#8221;{}&#8221;][\/et_pb_contact_field][et_pb_contact_field field_id=&#8221;email&#8221; field_title=&#8221;Email address&#8221; field_type=&#8221;email&#8221; fullwidth_field=&#8221;on&#8221; _builder_version=&#8221;4.27.0&#8243; custom_margin=&#8221;||15px||false|false&#8221; global_colors_info=&#8221;{}&#8221; button_text_size__hover_enabled=&#8221;off&#8221; button_one_text_size__hover_enabled=&#8221;off&#8221; button_two_text_size__hover_enabled=&#8221;off&#8221; button_text_color__hover_enabled=&#8221;off&#8221; button_one_text_color__hover_enabled=&#8221;off&#8221; button_two_text_color__hover_enabled=&#8221;off&#8221; button_border_width__hover_enabled=&#8221;off&#8221; button_one_border_width__hover_enabled=&#8221;off&#8221; button_two_border_width__hover_enabled=&#8221;off&#8221; button_border_color__hover_enabled=&#8221;off&#8221; button_one_border_color__hover_enabled=&#8221;off&#8221; button_two_border_color__hover_enabled=&#8221;off&#8221; button_border_radius__hover_enabled=&#8221;off&#8221; button_one_border_radius__hover_enabled=&#8221;off&#8221; button_two_border_radius__hover_enabled=&#8221;off&#8221; button_letter_spacing__hover_enabled=&#8221;off&#8221; button_one_letter_spacing__hover_enabled=&#8221;off&#8221; button_two_letter_spacing__hover_enabled=&#8221;off&#8221; button_bg_color__hover_enabled=&#8221;off&#8221; button_one_bg_color__hover_enabled=&#8221;off&#8221; button_two_bg_color__hover_enabled=&#8221;off&#8221;][\/et_pb_contact_field][et_pb_contact_field field_id=&#8221;message&#8221; field_title=&#8221;Message&#8221; field_type=&#8221;text&#8221; fullwidth_field=&#8221;on&#8221; _builder_version=&#8221;4.27.0&#8243; global_colors_info=&#8221;{}&#8221; button_text_size__hover_enabled=&#8221;off&#8221; button_one_text_size__hover_enabled=&#8221;off&#8221; button_two_text_size__hover_enabled=&#8221;off&#8221; button_text_color__hover_enabled=&#8221;off&#8221; button_one_text_color__hover_enabled=&#8221;off&#8221; button_two_text_color__hover_enabled=&#8221;off&#8221; button_border_width__hover_enabled=&#8221;off&#8221; button_one_border_width__hover_enabled=&#8221;off&#8221; button_two_border_width__hover_enabled=&#8221;off&#8221; button_border_color__hover_enabled=&#8221;off&#8221; button_one_border_color__hover_enabled=&#8221;off&#8221; button_two_border_color__hover_enabled=&#8221;off&#8221; button_border_radius__hover_enabled=&#8221;off&#8221; button_one_border_radius__hover_enabled=&#8221;off&#8221; button_two_border_radius__hover_enabled=&#8221;off&#8221; button_letter_spacing__hover_enabled=&#8221;off&#8221; button_one_letter_spacing__hover_enabled=&#8221;off&#8221; button_two_letter_spacing__hover_enabled=&#8221;off&#8221; button_bg_color__hover_enabled=&#8221;off&#8221; button_one_bg_color__hover_enabled=&#8221;off&#8221; button_two_bg_color__hover_enabled=&#8221;off&#8221;][\/et_pb_contact_field][\/et_pb_contact_form][\/et_pb_column][\/et_pb_row][\/et_pb_section]<\/p>\n","protected":false},"excerpt":{"rendered":"<p>Contact<span><span><a href=\"https:\/\/www.optimum-te.com\/en\/\">Home<\/a><\/span><\/span>OPTIMUM head officeImmeuble OttawaParc du Saint-Laurent54 route de Sartrouville78230 Le PecqFrance+33 1 39 21 88 68OPTIMUM Southwest17 avenue Didier Daurat31700 BlagnacFrance+33 5 67 69 10 65Get in touch!<\/p>\n","protected":false},"author":1,"featured_media":0,"parent":0,"menu_order":0,"comment_status":"closed","ping_status":"closed","template":"","meta":{"_et_pb_use_builder":"on","_et_pb_old_content":"","_et_gb_content_width":"","inline_featured_image":false,"footnotes":""},"class_list":["post-4606","page","type-page","status-publish","hentry"],"yoast_head":"<!-- This site is optimized with the Yoast SEO plugin v24.8.1 - https:\/\/yoast.com\/wordpress\/plugins\/seo\/ -->\n<title>CONTACT - OPTIMUM<\/title>\n<meta name=\"description\" content=\"A team of specialist trenchless engineers at your disposal for underground crossings and pipe laying projects worldwide\" \/>\n<meta name=\"robots\" content=\"index, follow, max-snippet:-1, max-image-preview:large, max-video-preview:-1\" \/>\n<link rel=\"canonical\" href=\"https:\/\/www.optimum-te.com\/en\/contact\/\" \/>\n<meta property=\"og:locale\" content=\"en_US\" \/>\n<meta property=\"og:type\" content=\"article\" \/>\n<meta property=\"og:title\" content=\"CONTACT - OPTIMUM\" \/>\n<meta property=\"og:description\" content=\"A team of specialist trenchless engineers at your disposal for underground crossings and pipe laying projects worldwide\" \/>\n<meta property=\"og:url\" content=\"https:\/\/www.optimum-te.com\/en\/contact\/\" \/>\n<meta property=\"og:site_name\" content=\"Optimum\" \/>\n<meta property=\"article:modified_time\" content=\"2025-05-21T10:35:02+00:00\" \/>\n<meta property=\"og:image\" content=\"https:\/\/www.optimum-te.com\/wp-content\/uploads\/2024\/09\/optimum-logo.png\" \/>\n\t<meta property=\"og:image:width\" content=\"260\" \/>\n\t<meta property=\"og:image:height\" content=\"260\" \/>\n\t<meta property=\"og:image:type\" content=\"image\/png\" \/>\n<meta name=\"twitter:card\" content=\"summary_large_image\" \/>\n<meta name=\"twitter:label1\" content=\"Est. reading time\" \/>\n\t<meta name=\"twitter:data1\" content=\"1 minute\" \/>\n<script type=\"application\/ld+json\" class=\"yoast-schema-graph\">{\"@context\":\"https:\/\/schema.org\",\"@graph\":[{\"@type\":\"WebPage\",\"@id\":\"https:\/\/www.optimum-te.com\/en\/contact\/\",\"url\":\"https:\/\/www.optimum-te.com\/en\/contact\/\",\"name\":\"CONTACT - OPTIMUM\",\"isPartOf\":{\"@id\":\"https:\/\/www.optimum-te.com\/en\/#website\"},\"datePublished\":\"2025-01-20T05:29:18+00:00\",\"dateModified\":\"2025-05-21T10:35:02+00:00\",\"description\":\"A team of specialist trenchless engineers at your disposal for underground crossings and pipe laying projects worldwide\",\"breadcrumb\":{\"@id\":\"https:\/\/www.optimum-te.com\/en\/contact\/#breadcrumb\"},\"inLanguage\":\"en-US\",\"potentialAction\":[{\"@type\":\"ReadAction\",\"target\":[\"https:\/\/www.optimum-te.com\/en\/contact\/\"]}]},{\"@type\":\"BreadcrumbList\",\"@id\":\"https:\/\/www.optimum-te.com\/en\/contact\/#breadcrumb\",\"itemListElement\":[{\"@type\":\"ListItem\",\"position\":1,\"name\":\"Home\",\"item\":\"https:\/\/www.optimum-te.com\/en\/\"},{\"@type\":\"ListItem\",\"position\":2,\"name\":\"Contact\"}]},{\"@type\":\"WebSite\",\"@id\":\"https:\/\/www.optimum-te.com\/en\/#website\",\"url\":\"https:\/\/www.optimum-te.com\/en\/\",\"name\":\"Optimum\",\"description\":\"Le leader europ\u00e9en de l&#039;ing\u00e9nierie sans tranch\u00e9e\",\"publisher\":{\"@id\":\"https:\/\/www.optimum-te.com\/en\/#organization\"},\"potentialAction\":[{\"@type\":\"SearchAction\",\"target\":{\"@type\":\"EntryPoint\",\"urlTemplate\":\"https:\/\/www.optimum-te.com\/en\/?s={search_term_string}\"},\"query-input\":{\"@type\":\"PropertyValueSpecification\",\"valueRequired\":true,\"valueName\":\"search_term_string\"}}],\"inLanguage\":\"en-US\"},{\"@type\":\"Organization\",\"@id\":\"https:\/\/www.optimum-te.com\/en\/#organization\",\"name\":\"Optimum\",\"url\":\"https:\/\/www.optimum-te.com\/en\/\",\"logo\":{\"@type\":\"ImageObject\",\"inLanguage\":\"en-US\",\"@id\":\"https:\/\/www.optimum-te.com\/en\/#\/schema\/logo\/image\/\",\"url\":\"https:\/\/www.optimum-te.com\/wp-content\/uploads\/2024\/09\/optimum-logo.png\",\"contentUrl\":\"https:\/\/www.optimum-te.com\/wp-content\/uploads\/2024\/09\/optimum-logo.png\",\"width\":260,\"height\":260,\"caption\":\"Optimum\"},\"image\":{\"@id\":\"https:\/\/www.optimum-te.com\/en\/#\/schema\/logo\/image\/\"},\"sameAs\":[\"https:\/\/www.linkedin.com\/company\/optimum-trenchless-engineering\/\"]}]}<\/script>\n<!-- \/ Yoast SEO plugin. -->","yoast_head_json":{"title":"CONTACT - OPTIMUM","description":"A team of specialist trenchless engineers at your disposal for underground crossings and pipe laying projects worldwide","robots":{"index":"index","follow":"follow","max-snippet":"max-snippet:-1","max-image-preview":"max-image-preview:large","max-video-preview":"max-video-preview:-1"},"canonical":"https:\/\/www.optimum-te.com\/en\/contact\/","og_locale":"en_US","og_type":"article","og_title":"CONTACT - OPTIMUM","og_description":"A team of specialist trenchless engineers at your disposal for underground crossings and pipe laying projects worldwide","og_url":"https:\/\/www.optimum-te.com\/en\/contact\/","og_site_name":"Optimum","article_modified_time":"2025-05-21T10:35:02+00:00","og_image":[{"width":260,"height":260,"url":"https:\/\/www.optimum-te.com\/wp-content\/uploads\/2024\/09\/optimum-logo.png","type":"image\/png"}],"twitter_card":"summary_large_image","twitter_misc":{"Est. reading time":"1 minute"},"schema":{"@context":"https:\/\/schema.org","@graph":[{"@type":"WebPage","@id":"https:\/\/www.optimum-te.com\/en\/contact\/","url":"https:\/\/www.optimum-te.com\/en\/contact\/","name":"CONTACT - OPTIMUM","isPartOf":{"@id":"https:\/\/www.optimum-te.com\/en\/#website"},"datePublished":"2025-01-20T05:29:18+00:00","dateModified":"2025-05-21T10:35:02+00:00","description":"A team of specialist trenchless engineers at your disposal for underground crossings and pipe laying projects worldwide","breadcrumb":{"@id":"https:\/\/www.optimum-te.com\/en\/contact\/#breadcrumb"},"inLanguage":"en-US","potentialAction":[{"@type":"ReadAction","target":["https:\/\/www.optimum-te.com\/en\/contact\/"]}]},{"@type":"BreadcrumbList","@id":"https:\/\/www.optimum-te.com\/en\/contact\/#breadcrumb","itemListElement":[{"@type":"ListItem","position":1,"name":"Home","item":"https:\/\/www.optimum-te.com\/en\/"},{"@type":"ListItem","position":2,"name":"Contact"}]},{"@type":"WebSite","@id":"https:\/\/www.optimum-te.com\/en\/#website","url":"https:\/\/www.optimum-te.com\/en\/","name":"Optimum","description":"Le leader europ\u00e9en de l&#039;ing\u00e9nierie sans tranch\u00e9e","publisher":{"@id":"https:\/\/www.optimum-te.com\/en\/#organization"},"potentialAction":[{"@type":"SearchAction","target":{"@type":"EntryPoint","urlTemplate":"https:\/\/www.optimum-te.com\/en\/?s={search_term_string}"},"query-input":{"@type":"PropertyValueSpecification","valueRequired":true,"valueName":"search_term_string"}}],"inLanguage":"en-US"},{"@type":"Organization","@id":"https:\/\/www.optimum-te.com\/en\/#organization","name":"Optimum","url":"https:\/\/www.optimum-te.com\/en\/","logo":{"@type":"ImageObject","inLanguage":"en-US","@id":"https:\/\/www.optimum-te.com\/en\/#\/schema\/logo\/image\/","url":"https:\/\/www.optimum-te.com\/wp-content\/uploads\/2024\/09\/optimum-logo.png","contentUrl":"https:\/\/www.optimum-te.com\/wp-content\/uploads\/2024\/09\/optimum-logo.png","width":260,"height":260,"caption":"Optimum"},"image":{"@id":"https:\/\/www.optimum-te.com\/en\/#\/schema\/logo\/image\/"},"sameAs":["https:\/\/www.linkedin.com\/company\/optimum-trenchless-engineering\/"]}]}},"_links":{"self":[{"href":"https:\/\/www.optimum-te.com\/en\/wp-json\/wp\/v2\/pages\/4606","targetHints":{"allow":["GET"]}}],"collection":[{"href":"https:\/\/www.optimum-te.com\/en\/wp-json\/wp\/v2\/pages"}],"about":[{"href":"https:\/\/www.optimum-te.com\/en\/wp-json\/wp\/v2\/types\/page"}],"author":[{"embeddable":true,"href":"https:\/\/www.optimum-te.com\/en\/wp-json\/wp\/v2\/users\/1"}],"replies":[{"embeddable":true,"href":"https:\/\/www.optimum-te.com\/en\/wp-json\/wp\/v2\/comments?post=4606"}],"version-history":[{"count":56,"href":"https:\/\/www.optimum-te.com\/en\/wp-json\/wp\/v2\/pages\/4606\/revisions"}],"predecessor-version":[{"id":6956,"href":"https:\/\/www.optimum-te.com\/en\/wp-json\/wp\/v2\/pages\/4606\/revisions\/6956"}],"wp:attachment":[{"href":"https:\/\/www.optimum-te.com\/en\/wp-json\/wp\/v2\/media?parent=4606"}],"curies":[{"name":"wp","href":"https:\/\/api.w.org\/{rel}","templated":true}]}}