{"id":7778,"date":"2025-01-20T06:29:18","date_gmt":"2025-01-20T05:29:18","guid":{"rendered":"https:\/\/www.optimum-te.com\/kontakt\/"},"modified":"2025-09-04T14:46:36","modified_gmt":"2025-09-04T12:46:36","slug":"kontakt","status":"publish","type":"page","link":"https:\/\/www.optimum-te.com\/de\/kontakt\/","title":{"rendered":"KONTAKT"},"content":{"rendered":"<p>[et_pb_section fb_built=&#8220;1&#8243; _builder_version=&#8220;4.27.0&#8243; _module_preset=&#8220;default&#8220; use_background_color_gradient=&#8220;on&#8220; background_color_gradient_stops=&#8220;rgba(0,0,0,0.3) 0%|rgba(0,0,0,0.3) 100%&#8220; background_color_gradient_overlays_image=&#8220;on&#8220; background_image=&#8220;https:\/\/www.optimum-te.com\/wp-content\/uploads\/2025\/02\/contact.png&#8220; custom_margin=&#8220;0px||0px||false|false&#8220; custom_padding=&#8220;40px||40px||false|false&#8220; bottom_divider_style=&#8220;curve&#8220; bottom_divider_color=&#8220;#FFFFFF&#8220; bottom_divider_height=&#8220;30px&#8220; locked=&#8220;off&#8220; global_colors_info=&#8220;{%22gcid-052ae396-db0a-47fc-9945-06590b33bb77%22:%91%22bottom_divider_color%22%93}&#8220;][et_pb_row _builder_version=&#8220;4.27.0&#8243; _module_preset=&#8220;default&#8220; global_colors_info=&#8220;{}&#8220;][et_pb_column type=&#8220;4_4&#8243; _builder_version=&#8220;4.27.0&#8243; _module_preset=&#8220;default&#8220; global_colors_info=&#8220;{}&#8220;][et_pb_text _builder_version=&#8220;4.27.0&#8243; _module_preset=&#8220;default&#8220; header_font=&#8220;|800||on|||||&#8220; header_text_color=&#8220;#FFFFFF&#8220; header_font_size=&#8220;60px&#8220; custom_margin=&#8220;||0px||false|false&#8220; custom_padding=&#8220;20px||20px||false|false&#8220; global_colors_info=&#8220;{}&#8220;]<\/p>\n<h1 style=\"text-align: center;\">KONTAKT<\/h1>\n<p>[\/et_pb_text][\/et_pb_column][\/et_pb_row][\/et_pb_section][et_pb_section fb_built=&#8220;1&#8243; _builder_version=&#8220;4.27.0&#8243; _module_preset=&#8220;default&#8220; custom_margin=&#8220;||0px||false|false&#8220; custom_padding=&#8220;40px||0px||false|false&#8220; top_divider_height=&#8220;30px&#8220; locked=&#8220;off&#8220; global_colors_info=&#8220;{}&#8220;][et_pb_row _builder_version=&#8220;4.27.0&#8243; _module_preset=&#8220;default&#8220; width=&#8220;950px&#8220; width_tablet=&#8220;&#8220; width_phone=&#8220;&#8220; width_last_edited=&#8220;on|tablet&#8220; custom_margin=&#8220;||20px||false|false&#8220; custom_padding=&#8220;0px||0px||false|false&#8220; global_colors_info=&#8220;{}&#8220;][et_pb_column type=&#8220;4_4&#8243; _builder_version=&#8220;4.27.0&#8243; _module_preset=&#8220;default&#8220; global_colors_info=&#8220;{}&#8220;][et_pb_text _builder_version=&#8220;4.27.0&#8243; _module_preset=&#8220;default&#8220; text_text_color=&#8220;gcid-1d235d5a-bde9-4418-b29f-6b56f59b2c8e&#8220; link_text_color=&#8220;gcid-heading-color&#8220; hover_transition_duration=&#8220;0ms&#8220; global_colors_info=&#8220;{%22gcid-1d235d5a-bde9-4418-b29f-6b56f59b2c8e%22:%91%22text_text_color%22%93,%22gcid-secondary-color%22:%91%22link_text_color__hover%22%93,%22gcid-heading-color%22:%91%22link_text_color%22%93}&#8220; link_text_color__hover_enabled=&#8220;on|desktop&#8220; link_text_color__hover=&#8220;#ffc000&#8243;]<\/p>\n<span><span><a href=\"https:\/\/www.optimum-te.com\/de\/\">Startseite<\/a><\/span><\/span>\n<p>[\/et_pb_text][\/et_pb_column][\/et_pb_row][\/et_pb_section][et_pb_section fb_built=&#8220;1&#8243; _builder_version=&#8220;4.27.0&#8243; _module_preset=&#8220;default&#8220; custom_margin=&#8220;0px||0px||false|false&#8220; custom_padding=&#8220;0px||0px||false|false&#8220; global_colors_info=&#8220;{}&#8220;][et_pb_row column_structure=&#8220;1_3,1_3,1_3&#8243; _builder_version=&#8220;4.27.0&#8243; _module_preset=&#8220;default&#8220; width=&#8220;950px&#8220; global_colors_info=&#8220;{}&#8220;][et_pb_column type=&#8220;1_3&#8243; _builder_version=&#8220;4.27.0&#8243; _module_preset=&#8220;default&#8220; global_colors_info=&#8220;{}&#8220;][et_pb_text _builder_version=&#8220;4.27.0&#8243; _module_preset=&#8220;default&#8220; text_font=&#8220;|800|||||||&#8220; text_font_size=&#8220;20px&#8220; hover_enabled=&#8220;0&#8243; global_colors_info=&#8220;{}&#8220; sticky_enabled=&#8220;0&#8243;]<\/p>\n<p>OPTIMUM Hauptsitz<\/p>\n<p>[\/et_pb_text][et_pb_blurb use_icon=&#8220;on&#8220; font_icon=&#8220;&#xe081;||divi||400&#8243; icon_color=&#8220;gcid-primary-color&#8220; icon_placement=&#8220;left&#8220; image_icon_width=&#8220;24px&#8220; content_max_width=&#8220;100%&#8220; _builder_version=&#8220;4.27.0&#8243; _module_preset=&#8220;default&#8220; body_font=&#8220;|300|||||||&#8220; body_text_color=&#8220;#000000&#8243; body_font_size=&#8220;16px&#8220; image_icon_custom_margin=&#8220;0px|0px|0px|0px|false|false&#8220; image_icon_custom_padding=&#8220;0px|0px|0px|0px|false|false&#8220; module_alignment=&#8220;left&#8220; custom_margin=&#8220;||0px||false|false&#8220; custom_padding=&#8220;||0px||false|false&#8220; custom_css_free_form=&#8220;.et_pb_blurb_position_left .et_pb_blurb_container {||  padding-left:0px;||}&#8220; locked=&#8220;off&#8220; global_colors_info=&#8220;{%22gcid-primary-color%22:%91%22icon_color%22%93}&#8220;]<\/p>\n<p>Immeuble Ottawa<br \/>Parc du Saint-Laurent<br \/>54 route de Sartrouville<br \/>78230 Le Pecq<br \/>Frankreich<\/p>\n<p>[\/et_pb_blurb][et_pb_blurb use_icon=&#8220;on&#8220; font_icon=&#8220;&#xe090;||divi||400&#8243; icon_color=&#8220;gcid-primary-color&#8220; icon_placement=&#8220;left&#8220; image_icon_width=&#8220;24px&#8220; content_max_width=&#8220;100%&#8220; _builder_version=&#8220;4.27.0&#8243; _module_preset=&#8220;default&#8220; body_font=&#8220;|300|||||||&#8220; body_text_color=&#8220;#000000&#8243; body_font_size=&#8220;16px&#8220; image_icon_custom_margin=&#8220;0px|0px|0px|0px|false|false&#8220; image_icon_custom_padding=&#8220;0px|0px|0px|0px|false|false&#8220; module_alignment=&#8220;left&#8220; custom_margin=&#8220;15px||0px||false|false&#8220; custom_padding=&#8220;||0px||false|false&#8220; custom_css_free_form=&#8220;.et_pb_blurb_position_left .et_pb_blurb_container {||  padding-left:0px;||}&#8220; locked=&#8220;off&#8220; global_colors_info=&#8220;{%22gcid-primary-color%22:%91%22icon_color%22%93}&#8220;]<\/p>\n<p>+33 1 39 21 88 68<\/p>\n<p>[\/et_pb_blurb][\/et_pb_column][et_pb_column type=&#8220;1_3&#8243; _builder_version=&#8220;4.27.0&#8243; _module_preset=&#8220;default&#8220; global_colors_info=&#8220;{}&#8220;][et_pb_text _builder_version=&#8220;4.27.0&#8243; _module_preset=&#8220;default&#8220; text_font=&#8220;|800|||||||&#8220; text_font_size=&#8220;20px&#8220; hover_enabled=&#8220;0&#8243; global_colors_info=&#8220;{}&#8220; sticky_enabled=&#8220;0&#8243;]<\/p>\n<p>OPTIMUM S\u00fcdwesten<\/p>\n<p>[\/et_pb_text][et_pb_blurb use_icon=&#8220;on&#8220; font_icon=&#8220;&#xe081;||divi||400&#8243; icon_color=&#8220;gcid-primary-color&#8220; icon_placement=&#8220;left&#8220; image_icon_width=&#8220;24px&#8220; content_max_width=&#8220;100%&#8220; _builder_version=&#8220;4.27.0&#8243; _module_preset=&#8220;default&#8220; body_font=&#8220;|300|||||||&#8220; body_text_color=&#8220;#000000&#8243; body_font_size=&#8220;16px&#8220; image_icon_custom_margin=&#8220;0px|0px|0px|0px|false|false&#8220; image_icon_custom_padding=&#8220;0px|0px|0px|0px|false|false&#8220; module_alignment=&#8220;left&#8220; custom_margin=&#8220;||0px||false|false&#8220; custom_padding=&#8220;||0px||false|false&#8220; custom_css_free_form=&#8220;.et_pb_blurb_position_left .et_pb_blurb_container {||  padding-left:0px;||}&#8220; locked=&#8220;off&#8220; global_colors_info=&#8220;{%22gcid-primary-color%22:%91%22icon_color%22%93}&#8220;]<\/p>\n<p>17 avenue Didier Daurat<br \/>31700 Blagnac<br \/>Frankreich<\/p>\n<p>[\/et_pb_blurb][et_pb_blurb use_icon=&#8220;on&#8220; font_icon=&#8220;&#xe090;||divi||400&#8243; icon_color=&#8220;gcid-primary-color&#8220; icon_placement=&#8220;left&#8220; image_icon_width=&#8220;24px&#8220; content_max_width=&#8220;100%&#8220; _builder_version=&#8220;4.27.0&#8243; _module_preset=&#8220;default&#8220; body_font=&#8220;|300|||||||&#8220; body_text_color=&#8220;#000000&#8243; body_font_size=&#8220;16px&#8220; image_icon_custom_margin=&#8220;0px|0px|0px|0px|false|false&#8220; image_icon_custom_padding=&#8220;0px|0px|0px|0px|false|false&#8220; module_alignment=&#8220;left&#8220; custom_margin=&#8220;15px||0px||false|false&#8220; custom_padding=&#8220;||0px||false|false&#8220; custom_css_free_form=&#8220;.et_pb_blurb_position_left .et_pb_blurb_container {||  padding-left:0px;||}&#8220; global_colors_info=&#8220;{%22gcid-primary-color%22:%91%22icon_color%22%93}&#8220;]<\/p>\n<p>+33 5 67 69 10 65<\/p>\n<p>[\/et_pb_blurb][\/et_pb_column][et_pb_column type=&#8220;1_3&#8243; _builder_version=&#8220;4.27.0&#8243; _module_preset=&#8220;default&#8220; global_colors_info=&#8220;{}&#8220;][\/et_pb_column][\/et_pb_row][\/et_pb_section][et_pb_section fb_built=&#8220;1&#8243; _builder_version=&#8220;4.27.0&#8243; _module_preset=&#8220;default&#8220; custom_margin=&#8220;0px||||false|false&#8220; custom_padding=&#8220;0px||||false|false&#8220; global_colors_info=&#8220;{}&#8220;][et_pb_row _builder_version=&#8220;4.27.0&#8243; _module_preset=&#8220;default&#8220; background_color=&#8220;RGBA(255,255,255,0)&#8220; width=&#8220;950px&#8220; custom_margin=&#8220;||0px||false|false&#8220; custom_padding=&#8220;||0px||false|false&#8220; animation_style=&#8220;fade&#8220; border_radii=&#8220;off|5px|5px||&#8220; locked=&#8220;off&#8220; global_colors_info=&#8220;{}&#8220;][et_pb_column type=&#8220;4_4&#8243; _builder_version=&#8220;4.27.0&#8243; _module_preset=&#8220;default&#8220; custom_padding=&#8220;||0px||false|false&#8220; global_colors_info=&#8220;{}&#8220;][et_pb_text _builder_version=&#8220;4.27.0&#8243; _module_preset=&#8220;default&#8220; header_font=&#8220;|800||on|||||&#8220; header_text_color=&#8220;gcid-primary-color&#8220; header_2_text_color=&#8220;gcid-primary-color&#8220; custom_margin=&#8220;||0px||false|false&#8220; custom_padding=&#8220;||0px||false|false&#8220; custom_css_after=&#8220;    content: %22%22;||    display: inline-block;||    width: 40px;||    height: 7px;||    background-color: #FFC000;||\t\tmargin-bottom:20px&#8220; locked=&#8220;off&#8220; global_colors_info=&#8220;{%22gcid-primary-color%22:%91%22header_text_color%22,%22header_2_text_color%22%93}&#8220;]<\/p>\n<h2 style=\"text-align: left;\">Kontaktieren Sie uns<\/h2>\n<p>[\/et_pb_text][\/et_pb_column][\/et_pb_row][et_pb_row _builder_version=&#8220;4.27.0&#8243; _module_preset=&#8220;default&#8220; width=&#8220;950px&#8220; width_tablet=&#8220;&#8220; width_phone=&#8220;&#8220; width_last_edited=&#8220;on|tablet&#8220; custom_margin=&#8220;0px||||false|false&#8220; custom_padding=&#8220;0px||||false|false&#8220; global_colors_info=&#8220;{}&#8220;][et_pb_column type=&#8220;4_4&#8243; _builder_version=&#8220;4.27.0&#8243; _module_preset=&#8220;default&#8220; global_colors_info=&#8220;{}&#8220;][et_pb_contact_form use_spam_service=&#8220;on&#8220; recaptcha_list=&#8220;Default|Default-0&#8243; email=&#8220;contact@optimum-te.com&#8220; custom_message=&#8220;Nouvelle demande d&apos;information :||et_pb_line_break_holder||||et_pb_line_break_holder||Nom et Pr\u00e9nom : %%name%%||et_pb_line_break_holder||Soci\u00e9t\u00e9 : %%societe%%||et_pb_line_break_holder||Adresse e-mail : %%email%%||et_pb_line_break_holder||||et_pb_line_break_holder||Message :||et_pb_line_break_holder||%%message%%&#8220; success_message=&#8220;Wir danken Ihnen f\u00fcr Ihre Nachricht. Wir melden uns umgehend bei Ihnen.&#8220; submit_button_text=&#8220;Senden&#8220; _builder_version=&#8220;4.27.0&#8243; _module_preset=&#8220;default&#8220; _unique_id=&#8220;92b3f969-b262-409d-81e3-cc94d3e63e57&#8243; form_field_background_color=&#8220;#f7f7f7&#8243; form_field_focus_background_color=&#8220;#FFFFFF&#8220; form_field_focus_text_color=&#8220;#000000&#8243; title_font=&#8220;|700|||||||&#8220; title_font_size=&#8220;33px&#8220; custom_button=&#8220;on&#8220; button_text_size=&#8220;18px&#8220; button_text_color=&#8220;#FFFFFF&#8220; button_bg_color=&#8220;gcid-secondary-color&#8220; button_border_width=&#8220;0px&#8220; button_border_radius=&#8220;6px&#8220; button_font=&#8220;|600|||||||&#8220; button_icon=&#8220;&#x35;||divi||400&#8243; button_icon_placement=&#8220;left&#8220; button_on_hover=&#8220;off&#8220; border_radii=&#8220;on|5px|5px|5px|5px&#8220; border_width_all=&#8220;1px&#8220; border_color_all=&#8220;gcid-63ace26e-ec1a-49a4-96c1-d62eb83c71e6&#8243; global_colors_info=&#8220;{%22gcid-63ace26e-ec1a-49a4-96c1-d62eb83c71e6%22:%91%22border_color_all%22%93,%22gcid-primary-color%22:%91%22button_text_color__hover%22%93,%22gcid-secondary-color%22:%91%22button_bg_color%22%93}&#8220; button_text_color__hover_enabled=&#8220;on|desktop&#8220; button_text_color__hover=&#8220;#004475&#8243;][et_pb_contact_field field_id=&#8220;name&#8220; field_title=&#8220;Name&#8220; fullwidth_field=&#8220;on&#8220; _builder_version=&#8220;4.27.0&#8243; custom_margin=&#8220;||15px||false|false&#8220; global_colors_info=&#8220;{}&#8220; button_text_size__hover_enabled=&#8220;off&#8220; button_one_text_size__hover_enabled=&#8220;off&#8220; button_two_text_size__hover_enabled=&#8220;off&#8220; button_text_color__hover_enabled=&#8220;off&#8220; button_one_text_color__hover_enabled=&#8220;off&#8220; button_two_text_color__hover_enabled=&#8220;off&#8220; button_border_width__hover_enabled=&#8220;off&#8220; button_one_border_width__hover_enabled=&#8220;off&#8220; button_two_border_width__hover_enabled=&#8220;off&#8220; button_border_color__hover_enabled=&#8220;off&#8220; button_one_border_color__hover_enabled=&#8220;off&#8220; button_two_border_color__hover_enabled=&#8220;off&#8220; button_border_radius__hover_enabled=&#8220;off&#8220; button_one_border_radius__hover_enabled=&#8220;off&#8220; button_two_border_radius__hover_enabled=&#8220;off&#8220; button_letter_spacing__hover_enabled=&#8220;off&#8220; button_one_letter_spacing__hover_enabled=&#8220;off&#8220; button_two_letter_spacing__hover_enabled=&#8220;off&#8220; button_bg_color__hover_enabled=&#8220;off&#8220; button_one_bg_color__hover_enabled=&#8220;off&#8220; button_two_bg_color__hover_enabled=&#8220;off&#8220;][\/et_pb_contact_field][et_pb_contact_field field_id=&#8220;societe&#8220; field_title=&#8220;Unternehmen&#8220; fullwidth_field=&#8220;on&#8220; _builder_version=&#8220;4.27.0&#8243; _module_preset=&#8220;default&#8220; custom_margin=&#8220;||15px||false|false&#8220; custom_padding=&#8220;||0px||false|false&#8220; global_colors_info=&#8220;{}&#8220;][\/et_pb_contact_field][et_pb_contact_field field_id=&#8220;email&#8220; field_title=&#8220;E-Mail&#8220; field_type=&#8220;email&#8220; fullwidth_field=&#8220;on&#8220; _builder_version=&#8220;4.27.0&#8243; custom_margin=&#8220;||15px||false|false&#8220; global_colors_info=&#8220;{}&#8220; button_text_size__hover_enabled=&#8220;off&#8220; button_one_text_size__hover_enabled=&#8220;off&#8220; button_two_text_size__hover_enabled=&#8220;off&#8220; button_text_color__hover_enabled=&#8220;off&#8220; button_one_text_color__hover_enabled=&#8220;off&#8220; button_two_text_color__hover_enabled=&#8220;off&#8220; button_border_width__hover_enabled=&#8220;off&#8220; button_one_border_width__hover_enabled=&#8220;off&#8220; button_two_border_width__hover_enabled=&#8220;off&#8220; button_border_color__hover_enabled=&#8220;off&#8220; button_one_border_color__hover_enabled=&#8220;off&#8220; button_two_border_color__hover_enabled=&#8220;off&#8220; button_border_radius__hover_enabled=&#8220;off&#8220; button_one_border_radius__hover_enabled=&#8220;off&#8220; button_two_border_radius__hover_enabled=&#8220;off&#8220; button_letter_spacing__hover_enabled=&#8220;off&#8220; button_one_letter_spacing__hover_enabled=&#8220;off&#8220; button_two_letter_spacing__hover_enabled=&#8220;off&#8220; button_bg_color__hover_enabled=&#8220;off&#8220; button_one_bg_color__hover_enabled=&#8220;off&#8220; button_two_bg_color__hover_enabled=&#8220;off&#8220;][\/et_pb_contact_field][et_pb_contact_field field_id=&#8220;message&#8220; field_title=&#8220;Nachricht&#8220; field_type=&#8220;text&#8220; fullwidth_field=&#8220;on&#8220; _builder_version=&#8220;4.27.0&#8243; global_colors_info=&#8220;{}&#8220; button_text_size__hover_enabled=&#8220;off&#8220; button_one_text_size__hover_enabled=&#8220;off&#8220; button_two_text_size__hover_enabled=&#8220;off&#8220; button_text_color__hover_enabled=&#8220;off&#8220; button_one_text_color__hover_enabled=&#8220;off&#8220; button_two_text_color__hover_enabled=&#8220;off&#8220; button_border_width__hover_enabled=&#8220;off&#8220; button_one_border_width__hover_enabled=&#8220;off&#8220; button_two_border_width__hover_enabled=&#8220;off&#8220; button_border_color__hover_enabled=&#8220;off&#8220; button_one_border_color__hover_enabled=&#8220;off&#8220; button_two_border_color__hover_enabled=&#8220;off&#8220; button_border_radius__hover_enabled=&#8220;off&#8220; button_one_border_radius__hover_enabled=&#8220;off&#8220; button_two_border_radius__hover_enabled=&#8220;off&#8220; button_letter_spacing__hover_enabled=&#8220;off&#8220; button_one_letter_spacing__hover_enabled=&#8220;off&#8220; button_two_letter_spacing__hover_enabled=&#8220;off&#8220; button_bg_color__hover_enabled=&#8220;off&#8220; button_one_bg_color__hover_enabled=&#8220;off&#8220; button_two_bg_color__hover_enabled=&#8220;off&#8220;][\/et_pb_contact_field][\/et_pb_contact_form][\/et_pb_column][\/et_pb_row][\/et_pb_section]<\/p>\n","protected":false},"excerpt":{"rendered":"<p>KONTAKT<span><span><a href=\"https:\/\/www.optimum-te.com\/de\/\">Startseite<\/a><\/span><\/span>OPTIMUM HauptsitzImmeuble OttawaParc du Saint-Laurent54 route de Sartrouville78230 Le PecqFrankreich+33 1 39 21 88 68OPTIMUM S\u00fcdwesten17 avenue Didier Daurat31700 BlagnacFrankreich+33 5 67 69 10 65Kontaktieren Sie uns<\/p>\n","protected":false},"author":1,"featured_media":0,"parent":0,"menu_order":0,"comment_status":"closed","ping_status":"closed","template":"","meta":{"_et_pb_use_builder":"on","_et_pb_old_content":"","_et_gb_content_width":"","inline_featured_image":false,"footnotes":""},"class_list":["post-7778","page","type-page","status-publish","hentry"],"yoast_head":"<!-- This site is optimized with the Yoast SEO plugin v24.8.1 - https:\/\/yoast.com\/wordpress\/plugins\/seo\/ -->\n<title>Kontact - OPTIMUM<\/title>\n<meta name=\"description\" content=\"Ein Team von Spezialisten f\u00fcr grabenlose Technologien steht Ihnen f\u00fcr Netzprojekte in Frankreich und weltweit zur Verf\u00fcgung.\" \/>\n<meta name=\"robots\" content=\"index, follow, max-snippet:-1, max-image-preview:large, max-video-preview:-1\" \/>\n<link rel=\"canonical\" href=\"https:\/\/www.optimum-te.com\/de\/kontakt\/\" \/>\n<meta property=\"og:locale\" content=\"de_DE\" \/>\n<meta property=\"og:type\" content=\"article\" \/>\n<meta property=\"og:title\" content=\"Kontact - OPTIMUM\" \/>\n<meta property=\"og:description\" content=\"Ein Team von Spezialisten f\u00fcr grabenlose Technologien steht Ihnen f\u00fcr Netzprojekte in Frankreich und weltweit zur Verf\u00fcgung.\" \/>\n<meta property=\"og:url\" content=\"https:\/\/www.optimum-te.com\/de\/kontakt\/\" \/>\n<meta property=\"og:site_name\" content=\"Optimum\" \/>\n<meta property=\"article:modified_time\" content=\"2025-09-04T12:46:36+00:00\" \/>\n<meta property=\"og:image\" content=\"https:\/\/www.optimum-te.com\/wp-content\/uploads\/2024\/09\/optimum-logo.png\" \/>\n\t<meta property=\"og:image:width\" content=\"260\" \/>\n\t<meta property=\"og:image:height\" content=\"260\" \/>\n\t<meta property=\"og:image:type\" content=\"image\/png\" \/>\n<meta name=\"twitter:card\" content=\"summary_large_image\" \/>\n<meta name=\"twitter:label1\" content=\"Gesch\u00e4tzte Lesezeit\" \/>\n\t<meta name=\"twitter:data1\" content=\"9\u00a0Minuten\" \/>\n<script type=\"application\/ld+json\" class=\"yoast-schema-graph\">{\"@context\":\"https:\/\/schema.org\",\"@graph\":[{\"@type\":\"WebPage\",\"@id\":\"https:\/\/www.optimum-te.com\/de\/kontakt\/\",\"url\":\"https:\/\/www.optimum-te.com\/de\/kontakt\/\",\"name\":\"Kontact - OPTIMUM\",\"isPartOf\":{\"@id\":\"https:\/\/www.optimum-te.com\/de\/#website\"},\"datePublished\":\"2025-01-20T05:29:18+00:00\",\"dateModified\":\"2025-09-04T12:46:36+00:00\",\"description\":\"Ein Team von Spezialisten f\u00fcr grabenlose Technologien steht Ihnen f\u00fcr Netzprojekte in Frankreich und weltweit zur Verf\u00fcgung.\",\"breadcrumb\":{\"@id\":\"https:\/\/www.optimum-te.com\/de\/kontakt\/#breadcrumb\"},\"inLanguage\":\"de\",\"potentialAction\":[{\"@type\":\"ReadAction\",\"target\":[\"https:\/\/www.optimum-te.com\/de\/kontakt\/\"]}]},{\"@type\":\"BreadcrumbList\",\"@id\":\"https:\/\/www.optimum-te.com\/de\/kontakt\/#breadcrumb\",\"itemListElement\":[{\"@type\":\"ListItem\",\"position\":1,\"name\":\"Startseite\",\"item\":\"https:\/\/www.optimum-te.com\/de\/\"},{\"@type\":\"ListItem\",\"position\":2,\"name\":\"KONTAKT\"}]},{\"@type\":\"WebSite\",\"@id\":\"https:\/\/www.optimum-te.com\/de\/#website\",\"url\":\"https:\/\/www.optimum-te.com\/de\/\",\"name\":\"Optimum\",\"description\":\"Le leader europ\u00e9en de l&#039;ing\u00e9nierie sans tranch\u00e9e\",\"publisher\":{\"@id\":\"https:\/\/www.optimum-te.com\/de\/#organization\"},\"potentialAction\":[{\"@type\":\"SearchAction\",\"target\":{\"@type\":\"EntryPoint\",\"urlTemplate\":\"https:\/\/www.optimum-te.com\/de\/?s={search_term_string}\"},\"query-input\":{\"@type\":\"PropertyValueSpecification\",\"valueRequired\":true,\"valueName\":\"search_term_string\"}}],\"inLanguage\":\"de\"},{\"@type\":\"Organization\",\"@id\":\"https:\/\/www.optimum-te.com\/de\/#organization\",\"name\":\"Optimum\",\"url\":\"https:\/\/www.optimum-te.com\/de\/\",\"logo\":{\"@type\":\"ImageObject\",\"inLanguage\":\"de\",\"@id\":\"https:\/\/www.optimum-te.com\/de\/#\/schema\/logo\/image\/\",\"url\":\"https:\/\/www.optimum-te.com\/wp-content\/uploads\/2024\/09\/optimum-logo.png\",\"contentUrl\":\"https:\/\/www.optimum-te.com\/wp-content\/uploads\/2024\/09\/optimum-logo.png\",\"width\":260,\"height\":260,\"caption\":\"Optimum\"},\"image\":{\"@id\":\"https:\/\/www.optimum-te.com\/de\/#\/schema\/logo\/image\/\"},\"sameAs\":[\"https:\/\/www.linkedin.com\/company\/optimum-trenchless-engineering\/\"]}]}<\/script>\n<!-- \/ Yoast SEO plugin. -->","yoast_head_json":{"title":"Kontact - OPTIMUM","description":"Ein Team von Spezialisten f\u00fcr grabenlose Technologien steht Ihnen f\u00fcr Netzprojekte in Frankreich und weltweit zur Verf\u00fcgung.","robots":{"index":"index","follow":"follow","max-snippet":"max-snippet:-1","max-image-preview":"max-image-preview:large","max-video-preview":"max-video-preview:-1"},"canonical":"https:\/\/www.optimum-te.com\/de\/kontakt\/","og_locale":"de_DE","og_type":"article","og_title":"Kontact - OPTIMUM","og_description":"Ein Team von Spezialisten f\u00fcr grabenlose Technologien steht Ihnen f\u00fcr Netzprojekte in Frankreich und weltweit zur Verf\u00fcgung.","og_url":"https:\/\/www.optimum-te.com\/de\/kontakt\/","og_site_name":"Optimum","article_modified_time":"2025-09-04T12:46:36+00:00","og_image":[{"width":260,"height":260,"url":"https:\/\/www.optimum-te.com\/wp-content\/uploads\/2024\/09\/optimum-logo.png","type":"image\/png"}],"twitter_card":"summary_large_image","twitter_misc":{"Gesch\u00e4tzte Lesezeit":"9\u00a0Minuten"},"schema":{"@context":"https:\/\/schema.org","@graph":[{"@type":"WebPage","@id":"https:\/\/www.optimum-te.com\/de\/kontakt\/","url":"https:\/\/www.optimum-te.com\/de\/kontakt\/","name":"Kontact - OPTIMUM","isPartOf":{"@id":"https:\/\/www.optimum-te.com\/de\/#website"},"datePublished":"2025-01-20T05:29:18+00:00","dateModified":"2025-09-04T12:46:36+00:00","description":"Ein Team von Spezialisten f\u00fcr grabenlose Technologien steht Ihnen f\u00fcr Netzprojekte in Frankreich und weltweit zur Verf\u00fcgung.","breadcrumb":{"@id":"https:\/\/www.optimum-te.com\/de\/kontakt\/#breadcrumb"},"inLanguage":"de","potentialAction":[{"@type":"ReadAction","target":["https:\/\/www.optimum-te.com\/de\/kontakt\/"]}]},{"@type":"BreadcrumbList","@id":"https:\/\/www.optimum-te.com\/de\/kontakt\/#breadcrumb","itemListElement":[{"@type":"ListItem","position":1,"name":"Startseite","item":"https:\/\/www.optimum-te.com\/de\/"},{"@type":"ListItem","position":2,"name":"KONTAKT"}]},{"@type":"WebSite","@id":"https:\/\/www.optimum-te.com\/de\/#website","url":"https:\/\/www.optimum-te.com\/de\/","name":"Optimum","description":"Le leader europ\u00e9en de l&#039;ing\u00e9nierie sans tranch\u00e9e","publisher":{"@id":"https:\/\/www.optimum-te.com\/de\/#organization"},"potentialAction":[{"@type":"SearchAction","target":{"@type":"EntryPoint","urlTemplate":"https:\/\/www.optimum-te.com\/de\/?s={search_term_string}"},"query-input":{"@type":"PropertyValueSpecification","valueRequired":true,"valueName":"search_term_string"}}],"inLanguage":"de"},{"@type":"Organization","@id":"https:\/\/www.optimum-te.com\/de\/#organization","name":"Optimum","url":"https:\/\/www.optimum-te.com\/de\/","logo":{"@type":"ImageObject","inLanguage":"de","@id":"https:\/\/www.optimum-te.com\/de\/#\/schema\/logo\/image\/","url":"https:\/\/www.optimum-te.com\/wp-content\/uploads\/2024\/09\/optimum-logo.png","contentUrl":"https:\/\/www.optimum-te.com\/wp-content\/uploads\/2024\/09\/optimum-logo.png","width":260,"height":260,"caption":"Optimum"},"image":{"@id":"https:\/\/www.optimum-te.com\/de\/#\/schema\/logo\/image\/"},"sameAs":["https:\/\/www.linkedin.com\/company\/optimum-trenchless-engineering\/"]}]}},"_links":{"self":[{"href":"https:\/\/www.optimum-te.com\/de\/wp-json\/wp\/v2\/pages\/7778","targetHints":{"allow":["GET"]}}],"collection":[{"href":"https:\/\/www.optimum-te.com\/de\/wp-json\/wp\/v2\/pages"}],"about":[{"href":"https:\/\/www.optimum-te.com\/de\/wp-json\/wp\/v2\/types\/page"}],"author":[{"embeddable":true,"href":"https:\/\/www.optimum-te.com\/de\/wp-json\/wp\/v2\/users\/1"}],"replies":[{"embeddable":true,"href":"https:\/\/www.optimum-te.com\/de\/wp-json\/wp\/v2\/comments?post=7778"}],"version-history":[{"count":13,"href":"https:\/\/www.optimum-te.com\/de\/wp-json\/wp\/v2\/pages\/7778\/revisions"}],"predecessor-version":[{"id":8524,"href":"https:\/\/www.optimum-te.com\/de\/wp-json\/wp\/v2\/pages\/7778\/revisions\/8524"}],"wp:attachment":[{"href":"https:\/\/www.optimum-te.com\/de\/wp-json\/wp\/v2\/media?parent=7778"}],"curies":[{"name":"wp","href":"https:\/\/api.w.org\/{rel}","templated":true}]}}